{"id":6391,"date":"2014-11-25T23:50:58","date_gmt":"2014-11-25T22:50:58","guid":{"rendered":"http:\/\/www.punto-salute.it\/?page_id=6391"},"modified":"2014-11-25T23:52:47","modified_gmt":"2014-11-25T22:52:47","slug":"omeopatia-e-fitoterapia","status":"publish","type":"page","link":"https:\/\/www.punto-salute.it\/?page_id=6391","title":{"rendered":"Omeopatia e Fitoterapia"},"content":{"rendered":"<p style=\"text-align: justify;\">L\u2019<span style=\"color: #fc0072;\"><strong>omeopatia<\/strong><\/span> \u00e8, insieme all\u2019agopuntura, la pi\u00f9 nota e utilizzata tra <img loading=\"lazy\" decoding=\"async\" class=\"alignright wp-image-6385 size-medium\" src=\"http:\/\/www.punto-salute.it\/wp-content\/uploads\/2014\/07\/1391078832_omeopatia-300x175.jpg\" alt=\"\" width=\"300\" height=\"175\" srcset=\"https:\/\/www.punto-salute.it\/wp-content\/uploads\/2014\/07\/1391078832_omeopatia-300x175.jpg 300w, https:\/\/www.punto-salute.it\/wp-content\/uploads\/2014\/07\/1391078832_omeopatia-1024x597.jpg 1024w, https:\/\/www.punto-salute.it\/wp-content\/uploads\/2014\/07\/1391078832_omeopatia.jpg 1200w\" sizes=\"auto, (max-width: 300px) 100vw, 300px\" \/>le medicine naturali. L\u2019omeopatia \u00e8 stata scoperta due secoli fa da Samuel Hahnemann e, come suggerisce il nome (composto da om\u00f2ios = simile e p\u00e0thos = malattia), si fonda sul principio di similitudine (i simili si curino con i simili, similia similibus curentur). Sulla base di questa \u201clegge dei simili\u201d, l\u2019omeopatia cura le patologie con dosi infinitesimali di quelle stesse sostanze che, nella persona sana e in dosi normali, scatenano la malattia. Nella preparazione dei rimedi omeopatici, queste sostanze patogene vengono estremamente diluite (tanto che le molecole di partenza non sono nemmeno pi\u00f9 rintracciabili nel prodotto finale) e il tutto viene dinamizzato, ovvero scosso pi\u00f9 e pi\u00f9 volte.<\/p>\n<p style=\"text-align: justify;\">I preparati omeopatici sono privi di effetti collaterali econtroindicazioni, sono adatti a ogni et\u00e0 e hanno azione non farmacologica, bens\u00ec di \u201csegnale\u201d, andando a stimolare le risorse vitali dell\u2019organismo. La cosa sembra per\u00f2 turbare ben poco i malati, che, preoccupati dai tanti effetti collaterali dei farmaci e alla ricerca di soluzioni pi\u00f9 rispettose della salute globale dell\u2019organismo, fanno sempre pi\u00f9 largo uso dell\u2019omeopatia.<\/p>\n<hr \/>\n<p style=\"text-align: justify;\">La <span style=\"color: #fc0072;\"><strong>fitoterapia<\/strong><\/span> invece \u00e8 la cura delle patologie con principi attivi <img loading=\"lazy\" decoding=\"async\" class=\"alignright size-medium wp-image-6389\" src=\"http:\/\/www.punto-salute.it\/wp-content\/uploads\/2014\/07\/controindicazioni-di-alcune-piante-medicinali_8f4c317dc87d4f5b2d85cf7442d9abfa-300x200.jpg\" alt=\"\" width=\"300\" height=\"200\" srcset=\"https:\/\/www.punto-salute.it\/wp-content\/uploads\/2014\/07\/controindicazioni-di-alcune-piante-medicinali_8f4c317dc87d4f5b2d85cf7442d9abfa-300x200.jpg 300w, https:\/\/www.punto-salute.it\/wp-content\/uploads\/2014\/07\/controindicazioni-di-alcune-piante-medicinali_8f4c317dc87d4f5b2d85cf7442d9abfa-1024x682.jpg 1024w, https:\/\/www.punto-salute.it\/wp-content\/uploads\/2014\/07\/controindicazioni-di-alcune-piante-medicinali_8f4c317dc87d4f5b2d85cf7442d9abfa-1200x800.jpg 1200w\" sizes=\"auto, (max-width: 300px) 100vw, 300px\" \/>estratti dalle piante. I rimedi fitoterapici vengono considerati alla stregua di farmaci. Nei fitoterapici \u00e8 necessario che le sostanze naturali dalla dimostrata attivit\u00e0 terapeutica siano ben presenti, in chiave ponderale (almeno nell\u2019ordine dei milligrammi), e quindi questi rimedi non vengono affatto diluiti (e men che meno dinamizzati). Non ci sono quindi molte differenze concettuali tra medicina convenzionale e medicina fitoterapica: il medico esperto in fitoterapia non fa altro che sostituire il farmaco con il prodotto fitoterapico.<\/p>\n","protected":false},"excerpt":{"rendered":"<p>L\u2019omeopatia \u00e8, insieme all\u2019agopuntura, la pi\u00f9 nota e utilizzata tra le medicine naturali. L\u2019omeopatia \u00e8 stata scoperta due secoli fa da Samuel Hahnemann e, come suggerisce il nome (composto da om\u00f2ios = simile e p\u00e0thos = malattia), si fonda sul principio di similitudine (i simili si curino con i simili, similia similibus curentur). Sulla base di questa \u201clegge dei simili\u201d, l\u2019omeopatia cura le patologie con dosi infinitesimali di quelle stesse sostanze che, nella persona sana e in dosi normali, scatenano la malattia. Nella preparazione dei rimedi omeopatici, queste sostanze patogene vengono estremamente diluite (tanto che le molecole di partenza non sono nemmeno pi\u00f9 rintracciabili nel prodotto finale) e il tutto viene dinamizzato, ovvero scosso pi\u00f9 e pi\u00f9 volte. I preparati omeopatici sono privi di effetti collaterali econtroindicazioni, sono adatti a ogni et\u00e0 e hanno azione non farmacologica, bens\u00ec di \u201csegnale\u201d, andando a stimolare le risorse vitali dell\u2019organismo. La cosa sembra per\u00f2 turbare ben poco i malati, che, preoccupati dai tanti effetti collaterali dei farmaci e alla ricerca di soluzioni pi\u00f9 rispettose della salute globale dell\u2019organismo, fanno sempre pi\u00f9 largo uso dell\u2019omeopatia. La fitoterapia invece \u00e8 la cura delle patologie con principi attivi estratti dalle piante. I rimedi fitoterapici vengono considerati alla stregua di farmaci. Nei fitoterapici \u00e8 necessario che le sostanze naturali dalla dimostrata attivit\u00e0 terapeutica siano ben presenti, in chiave ponderale (almeno nell\u2019ordine dei milligrammi), e quindi questi rimedi non vengono affatto diluiti (e men che meno dinamizzati). Non ci sono quindi molte differenze concettuali tra medicina convenzionale e [&hellip;]<\/p>\n","protected":false},"author":1,"featured_media":0,"parent":0,"menu_order":0,"comment_status":"closed","ping_status":"closed","template":"","meta":{"footnotes":""},"class_list":["post-6391","page","type-page","status-publish","hentry"],"_links":{"self":[{"href":"https:\/\/www.punto-salute.it\/index.php?rest_route=\/wp\/v2\/pages\/6391","targetHints":{"allow":["GET"]}}],"collection":[{"href":"https:\/\/www.punto-salute.it\/index.php?rest_route=\/wp\/v2\/pages"}],"about":[{"href":"https:\/\/www.punto-salute.it\/index.php?rest_route=\/wp\/v2\/types\/page"}],"author":[{"embeddable":true,"href":"https:\/\/www.punto-salute.it\/index.php?rest_route=\/wp\/v2\/users\/1"}],"replies":[{"embeddable":true,"href":"https:\/\/www.punto-salute.it\/index.php?rest_route=%2Fwp%2Fv2%2Fcomments&post=6391"}],"version-history":[{"count":2,"href":"https:\/\/www.punto-salute.it\/index.php?rest_route=\/wp\/v2\/pages\/6391\/revisions"}],"predecessor-version":[{"id":6395,"href":"https:\/\/www.punto-salute.it\/index.php?rest_route=\/wp\/v2\/pages\/6391\/revisions\/6395"}],"wp:attachment":[{"href":"https:\/\/www.punto-salute.it\/index.php?rest_route=%2Fwp%2Fv2%2Fmedia&parent=6391"}],"curies":[{"name":"wp","href":"https:\/\/api.w.org\/{rel}","templated":true}]}}